{"id":8259,"date":"2025-01-25T10:29:48","date_gmt":"2025-01-25T09:29:48","guid":{"rendered":"https:\/\/richard-burk.de\/about-us\/"},"modified":"2025-12-17T12:37:34","modified_gmt":"2025-12-17T11:37:34","slug":"about-us","status":"publish","type":"page","link":"https:\/\/richard-burk.de\/en\/about-us\/","title":{"rendered":"About Us"},"content":{"rendered":"\t\t<div data-elementor-type=\"wp-page\" data-elementor-id=\"8259\" class=\"elementor elementor-8259 elementor-6959\" data-elementor-post-type=\"page\">\n\t\t\t\t\t\t<section class=\"elementor-section elementor-top-section elementor-element elementor-element-735be03 elementor-section-boxed elementor-section-height-default elementor-section-height-default\" data-id=\"735be03\" data-element_type=\"section\">\n\t\t\t\t\t\t<div class=\"elementor-container elementor-column-gap-no\">\n\t\t\t\t\t<div class=\"elementor-column elementor-col-100 elementor-top-column elementor-element elementor-element-1d6bedd\" data-id=\"1d6bedd\" data-element_type=\"column\">\n\t\t\t<div class=\"elementor-widget-wrap elementor-element-populated\">\n\t\t\t\t\t\t<div class=\"elementor-element elementor-element-fe74c32 elementor-widget elementor-widget-heading\" data-id=\"fe74c32\" data-element_type=\"widget\" data-widget_type=\"heading.default\">\n\t\t\t\t<div class=\"elementor-widget-container\">\n\t\t\t\t\t<h1 class=\"elementor-heading-title elementor-size-default\">Richard B\u00fcrk<\/h1>\t\t\t\t<\/div>\n\t\t\t\t<\/div>\n\t\t\t\t<div class=\"elementor-element elementor-element-ebb9c01 elementor-widget elementor-widget-heading\" data-id=\"ebb9c01\" data-element_type=\"widget\" data-widget_type=\"heading.default\">\n\t\t\t\t<div class=\"elementor-widget-container\">\n\t\t\t\t\t<h2 class=\"elementor-heading-title elementor-size-default\">Precision and tradition since 1491<\/h2>\t\t\t\t<\/div>\n\t\t\t\t<\/div>\n\t\t\t\t\t<\/div>\n\t\t<\/div>\n\t\t\t\t\t<\/div>\n\t\t<\/section>\n\t\t\t\t<section class=\"elementor-section elementor-top-section elementor-element elementor-element-2e7d61a elementor-section-content-middle elementor-reverse-mobile elementor-section-boxed elementor-section-height-default elementor-section-height-default\" data-id=\"2e7d61a\" data-element_type=\"section\">\n\t\t\t\t\t\t<div class=\"elementor-container elementor-column-gap-default\">\n\t\t\t\t\t<div class=\"elementor-column elementor-col-50 elementor-top-column elementor-element elementor-element-f522819\" data-id=\"f522819\" data-element_type=\"column\">\n\t\t\t<div class=\"elementor-widget-wrap elementor-element-populated\">\n\t\t\t\t\t\t<div class=\"elementor-element elementor-element-5597d51 elementor-widget elementor-widget-text-editor\" data-id=\"5597d51\" data-element_type=\"widget\" data-widget_type=\"text-editor.default\">\n\t\t\t\t<div class=\"elementor-widget-container\">\n\t\t\t\t\t\t\t\t\t<h3>B\u00fcrk 1698<\/h3><p>B\u00fcrk develops and manufactures <strong>mechanical watches<\/strong>, <strong>movements<\/strong>, and the finest <strong>watch components<\/strong> using traditional <strong>handcraftsmanship<\/strong>. This artisanal work is complemented by specialized machines, some of which have been custom-designed and adapted in-house. From design and manufacturing to final assembly, the entire value chain is united under one roof \u2013 standing for <strong>precision<\/strong>, <strong>technical<\/strong> <strong>depth<\/strong>, and uncompromising <strong>manufactory quality<\/strong>.<\/p>\t\t\t\t\t\t\t\t<\/div>\n\t\t\t\t<\/div>\n\t\t\t\t<div class=\"elementor-element elementor-element-d2c144e elementor-align-left elementor-widget elementor-widget-button\" data-id=\"d2c144e\" data-element_type=\"widget\" data-widget_type=\"button.default\">\n\t\t\t\t<div class=\"elementor-widget-container\">\n\t\t\t\t\t\t\t\t\t<div class=\"elementor-button-wrapper\">\n\t\t\t\t\t<a class=\"elementor-button elementor-button-link elementor-size-sm\" href=\"https:\/\/buerk1698.de\/\">\n\t\t\t\t\t\t<span class=\"elementor-button-content-wrapper\">\n\t\t\t\t\t\t\t\t\t<span class=\"elementor-button-text\">B\u00fcrk 1698 \u2013 Watch Manufactory<\/span>\n\t\t\t\t\t<\/span>\n\t\t\t\t\t<\/a>\n\t\t\t\t<\/div>\n\t\t\t\t\t\t\t\t<\/div>\n\t\t\t\t<\/div>\n\t\t\t\t\t<\/div>\n\t\t<\/div>\n\t\t\t\t<div class=\"elementor-column elementor-col-50 elementor-top-column elementor-element elementor-element-65197bc\" data-id=\"65197bc\" data-element_type=\"column\">\n\t\t\t<div class=\"elementor-widget-wrap elementor-element-populated\">\n\t\t\t\t\t\t<div class=\"elementor-element elementor-element-021c176 elementor-widget elementor-widget-image\" data-id=\"021c176\" data-element_type=\"widget\" data-widget_type=\"image.default\">\n\t\t\t\t<div class=\"elementor-widget-container\">\n\t\t\t\t\t\t\t\t\t\t\t\t\t\t\t<img fetchpriority=\"high\" decoding=\"async\" width=\"1024\" height=\"683\" src=\"https:\/\/richard-burk.de\/wp-content\/uploads\/2025\/02\/Buerk_Manufaktur_0708-1024x683.jpg\" class=\"attachment-large size-large wp-image-7707\" alt=\"\" srcset=\"https:\/\/richard-burk.de\/wp-content\/uploads\/2025\/02\/Buerk_Manufaktur_0708-1024x683.jpg 1024w, https:\/\/richard-burk.de\/wp-content\/uploads\/2025\/02\/Buerk_Manufaktur_0708-300x200.jpg 300w, https:\/\/richard-burk.de\/wp-content\/uploads\/2025\/02\/Buerk_Manufaktur_0708-768x512.jpg 768w, https:\/\/richard-burk.de\/wp-content\/uploads\/2025\/02\/Buerk_Manufaktur_0708-1536x1024.jpg 1536w, https:\/\/richard-burk.de\/wp-content\/uploads\/2025\/02\/Buerk_Manufaktur_0708-2048x1365.jpg 2048w\" sizes=\"(max-width: 1024px) 100vw, 1024px\" \/>\t\t\t\t\t\t\t\t\t\t\t\t\t\t\t<\/div>\n\t\t\t\t<\/div>\n\t\t\t\t\t<\/div>\n\t\t<\/div>\n\t\t\t\t\t<\/div>\n\t\t<\/section>\n\t\t\t\t<section class=\"elementor-section elementor-top-section elementor-element elementor-element-5f0ec0e elementor-section-content-middle elementor-section-boxed elementor-section-height-default elementor-section-height-default\" data-id=\"5f0ec0e\" data-element_type=\"section\">\n\t\t\t\t\t\t<div class=\"elementor-container elementor-column-gap-default\">\n\t\t\t\t\t<div class=\"elementor-column elementor-col-50 elementor-top-column elementor-element elementor-element-0d7698f\" data-id=\"0d7698f\" data-element_type=\"column\">\n\t\t\t<div class=\"elementor-widget-wrap elementor-element-populated\">\n\t\t\t\t\t\t<div class=\"elementor-element elementor-element-f89e4b5 elementor-widget elementor-widget-image\" data-id=\"f89e4b5\" data-element_type=\"widget\" data-widget_type=\"image.default\">\n\t\t\t\t<div class=\"elementor-widget-container\">\n\t\t\t\t\t\t\t\t\t\t\t\t\t\t\t<img decoding=\"async\" width=\"1000\" height=\"667\" src=\"https:\/\/richard-burk.de\/wp-content\/uploads\/2023\/01\/Buerk_Manufaktur_0309.jpg\" class=\"attachment-large size-large wp-image-6935\" alt=\"\" srcset=\"https:\/\/richard-burk.de\/wp-content\/uploads\/2023\/01\/Buerk_Manufaktur_0309.jpg 1000w, https:\/\/richard-burk.de\/wp-content\/uploads\/2023\/01\/Buerk_Manufaktur_0309-300x200.jpg 300w, https:\/\/richard-burk.de\/wp-content\/uploads\/2023\/01\/Buerk_Manufaktur_0309-768x512.jpg 768w\" sizes=\"(max-width: 1000px) 100vw, 1000px\" \/>\t\t\t\t\t\t\t\t\t\t\t\t\t\t\t<\/div>\n\t\t\t\t<\/div>\n\t\t\t\t\t<\/div>\n\t\t<\/div>\n\t\t\t\t<div class=\"elementor-column elementor-col-50 elementor-top-column elementor-element elementor-element-2eef2fb\" data-id=\"2eef2fb\" data-element_type=\"column\">\n\t\t\t<div class=\"elementor-widget-wrap elementor-element-populated\">\n\t\t\t\t\t\t<div class=\"elementor-element elementor-element-888762b elementor-widget elementor-widget-text-editor\" data-id=\"888762b\" data-element_type=\"widget\" data-widget_type=\"text-editor.default\">\n\t\t\t\t<div class=\"elementor-widget-container\">\n\t\t\t\t\t\t\t\t\t<h3>Sch\u00e4r Clockhands<\/h3><p>Sch\u00e4r Clockhands specializes in the development and production of hands, dials, and the finest watch components. <strong>Traditional craftsmanship<\/strong> is combined with <strong>modern 3D CAD design<\/strong> and a fully integrated, end-to-end production process in-house. The result is precise components of the highest quality \u2013 <strong>consistently Made in Germany<\/strong>.<\/p>\t\t\t\t\t\t\t\t<\/div>\n\t\t\t\t<\/div>\n\t\t\t\t<div class=\"elementor-element elementor-element-e445de8 elementor-align-left elementor-widget elementor-widget-button\" data-id=\"e445de8\" data-element_type=\"widget\" data-widget_type=\"button.default\">\n\t\t\t\t<div class=\"elementor-widget-container\">\n\t\t\t\t\t\t\t\t\t<div class=\"elementor-button-wrapper\">\n\t\t\t\t\t<a class=\"elementor-button elementor-button-link elementor-size-sm\" href=\"https:\/\/schaer-clockhands.com\/\">\n\t\t\t\t\t\t<span class=\"elementor-button-content-wrapper\">\n\t\t\t\t\t\t\t\t\t<span class=\"elementor-button-text\">Sch\u00e4r Clockhands \u2013 Hand Manufacturing<\/span>\n\t\t\t\t\t<\/span>\n\t\t\t\t\t<\/a>\n\t\t\t\t<\/div>\n\t\t\t\t\t\t\t\t<\/div>\n\t\t\t\t<\/div>\n\t\t\t\t\t<\/div>\n\t\t<\/div>\n\t\t\t\t\t<\/div>\n\t\t<\/section>\n\t\t\t\t<section class=\"elementor-section elementor-top-section elementor-element elementor-element-fc8c44d elementor-section-content-middle elementor-reverse-mobile elementor-section-boxed elementor-section-height-default elementor-section-height-default\" data-id=\"fc8c44d\" data-element_type=\"section\">\n\t\t\t\t\t\t<div class=\"elementor-container elementor-column-gap-default\">\n\t\t\t\t\t<div class=\"elementor-column elementor-col-50 elementor-top-column elementor-element elementor-element-d2b0bab\" data-id=\"d2b0bab\" data-element_type=\"column\">\n\t\t\t<div class=\"elementor-widget-wrap elementor-element-populated\">\n\t\t\t\t\t\t<div class=\"elementor-element elementor-element-fd9b07a elementor-widget elementor-widget-text-editor\" data-id=\"fd9b07a\" data-element_type=\"widget\" data-widget_type=\"text-editor.default\">\n\t\t\t\t<div class=\"elementor-widget-container\">\n\t\t\t\t\t\t\t\t\t<h3>JMIUS<\/h3><p>The JMIUS brand, founded in 1905, stands for the production of <strong>traditional Black Forest shield and cuckoo clocks<\/strong>.<\/p><p>On 08 September 2020, I acquired from Mr. Helmar Schlenker, owner of the company and brand J. M. J\u00e4ckle<strong>, all rights for the future exclusive use<\/strong> of the company name J. M. J\u00e4ckle (word and figurative mark). The JMIUS brand is part of this acquisition and has since been continued by Richard B\u00fcrk GmbH.<\/p><p>With this acquisition, I am committed to preserving the established <strong>Black Forest watchmaking tradition and carrying<\/strong> it forward with my own signature and contemporary quality.<\/p>\t\t\t\t\t\t\t\t<\/div>\n\t\t\t\t<\/div>\n\t\t\t\t\t<\/div>\n\t\t<\/div>\n\t\t\t\t<div class=\"elementor-column elementor-col-50 elementor-top-column elementor-element elementor-element-5ba334e\" data-id=\"5ba334e\" data-element_type=\"column\">\n\t\t\t<div class=\"elementor-widget-wrap elementor-element-populated\">\n\t\t\t\t\t\t<div class=\"elementor-element elementor-element-0408e74 elementor-widget elementor-widget-image\" data-id=\"0408e74\" data-element_type=\"widget\" data-widget_type=\"image.default\">\n\t\t\t\t<div class=\"elementor-widget-container\">\n\t\t\t\t\t\t\t\t\t\t\t\t\t\t\t<img decoding=\"async\" width=\"1024\" height=\"682\" src=\"https:\/\/richard-burk.de\/wp-content\/uploads\/2023\/01\/kontakt-1024x682.jpg\" class=\"attachment-large size-large wp-image-6913\" alt=\"\" srcset=\"https:\/\/richard-burk.de\/wp-content\/uploads\/2023\/01\/kontakt-1024x682.jpg 1024w, https:\/\/richard-burk.de\/wp-content\/uploads\/2023\/01\/kontakt-300x200.jpg 300w, https:\/\/richard-burk.de\/wp-content\/uploads\/2023\/01\/kontakt-768x512.jpg 768w, https:\/\/richard-burk.de\/wp-content\/uploads\/2023\/01\/kontakt-1536x1024.jpg 1536w, https:\/\/richard-burk.de\/wp-content\/uploads\/2023\/01\/kontakt.jpg 1640w\" sizes=\"(max-width: 1024px) 100vw, 1024px\" \/>\t\t\t\t\t\t\t\t\t\t\t\t\t\t\t<\/div>\n\t\t\t\t<\/div>\n\t\t\t\t\t<\/div>\n\t\t<\/div>\n\t\t\t\t\t<\/div>\n\t\t<\/section>\n\t\t\t\t<\/div>\n\t\t","protected":false},"excerpt":{"rendered":"<p>Richard B\u00fcrk Precision and tradition since 1491 B\u00fcrk 1698 B\u00fcrk develops and manufactures mechanical watches, movements, and the finest watch components using traditional handcraftsmanship. This artisanal work is complemented by specialized machines, some of which have been custom-designed and adapted in-house. From design and manufacturing to final assembly, the entire value chain is united under&hellip;<\/p>\n","protected":false},"author":2,"featured_media":0,"parent":0,"menu_order":0,"comment_status":"closed","ping_status":"closed","template":"","meta":{"footnotes":""},"class_list":["post-8259","page","type-page","status-publish","hentry"],"yoast_head":"<!-- This site is optimized with the Yoast SEO plugin v26.6 - https:\/\/yoast.com\/wordpress\/plugins\/seo\/ -->\n<title>About Us - Richard B\u00fcrk GmbH<\/title>\n<meta name=\"description\" content=\"History of Richard B\u00fcrk GmbH: Clockmaking tradition since 1698. Precision and innovation from the Black Forest - then as now.\" \/>\n<meta name=\"robots\" content=\"index, follow, max-snippet:-1, max-image-preview:large, max-video-preview:-1\" \/>\n<link rel=\"canonical\" href=\"https:\/\/richard-burk.de\/en\/about-us\/\" \/>\n<meta property=\"og:locale\" content=\"en_US\" \/>\n<meta property=\"og:type\" content=\"article\" \/>\n<meta property=\"og:title\" content=\"About Us - Richard B\u00fcrk GmbH\" \/>\n<meta property=\"og:description\" content=\"History of Richard B\u00fcrk GmbH: Clockmaking tradition since 1698. Precision and innovation from the Black Forest - then as now.\" \/>\n<meta property=\"og:url\" content=\"https:\/\/richard-burk.de\/en\/about-us\/\" \/>\n<meta property=\"og:site_name\" content=\"Richard B\u00fcrk GmbH\" \/>\n<meta property=\"article:modified_time\" content=\"2025-12-17T11:37:34+00:00\" \/>\n<meta property=\"og:image\" content=\"https:\/\/richard-burk.de\/wp-content\/uploads\/2025\/02\/Buerk_Manufaktur_0708-1024x683.jpg\" \/>\n<meta name=\"twitter:card\" content=\"summary_large_image\" \/>\n<meta name=\"twitter:label1\" content=\"Est. reading time\" \/>\n\t<meta name=\"twitter:data1\" content=\"2 minutes\" \/>\n<script type=\"application\/ld+json\" class=\"yoast-schema-graph\">{\"@context\":\"https:\/\/schema.org\",\"@graph\":[{\"@type\":\"WebPage\",\"@id\":\"https:\/\/richard-burk.de\/en\/about-us\/\",\"url\":\"https:\/\/richard-burk.de\/en\/about-us\/\",\"name\":\"About Us - Richard B\u00fcrk GmbH\",\"isPartOf\":{\"@id\":\"https:\/\/richard-burk.de\/en\/#website\"},\"primaryImageOfPage\":{\"@id\":\"https:\/\/richard-burk.de\/en\/about-us\/#primaryimage\"},\"image\":{\"@id\":\"https:\/\/richard-burk.de\/en\/about-us\/#primaryimage\"},\"thumbnailUrl\":\"https:\/\/richard-burk.de\/wp-content\/uploads\/2025\/02\/Buerk_Manufaktur_0708-1024x683.jpg\",\"datePublished\":\"2025-01-25T09:29:48+00:00\",\"dateModified\":\"2025-12-17T11:37:34+00:00\",\"description\":\"History of Richard B\u00fcrk GmbH: Clockmaking tradition since 1698. Precision and innovation from the Black Forest - then as now.\",\"breadcrumb\":{\"@id\":\"https:\/\/richard-burk.de\/en\/about-us\/#breadcrumb\"},\"inLanguage\":\"en-US\",\"potentialAction\":[{\"@type\":\"ReadAction\",\"target\":[\"https:\/\/richard-burk.de\/en\/about-us\/\"]}]},{\"@type\":\"ImageObject\",\"inLanguage\":\"en-US\",\"@id\":\"https:\/\/richard-burk.de\/en\/about-us\/#primaryimage\",\"url\":\"https:\/\/richard-burk.de\/wp-content\/uploads\/2025\/02\/Buerk_Manufaktur_0708-1024x683.jpg\",\"contentUrl\":\"https:\/\/richard-burk.de\/wp-content\/uploads\/2025\/02\/Buerk_Manufaktur_0708-1024x683.jpg\"},{\"@type\":\"BreadcrumbList\",\"@id\":\"https:\/\/richard-burk.de\/en\/about-us\/#breadcrumb\",\"itemListElement\":[{\"@type\":\"ListItem\",\"position\":1,\"name\":\"Startseite\",\"item\":\"https:\/\/richard-burk.de\/en\/\"},{\"@type\":\"ListItem\",\"position\":2,\"name\":\"About Us\"}]},{\"@type\":\"WebSite\",\"@id\":\"https:\/\/richard-burk.de\/en\/#website\",\"url\":\"https:\/\/richard-burk.de\/en\/\",\"name\":\"Richard B\u00fcrk GmbH \u2013 Ma\u00dfgeschneiderte Uhren & Pr\u00e4zisionsteile aus eigener Produktion\",\"description\":\"Mechanische Pr\u00e4zisionsteile f\u00fcr Feinmechanik und Uhren\",\"publisher\":{\"@id\":\"https:\/\/richard-burk.de\/en\/#organization\"},\"potentialAction\":[{\"@type\":\"SearchAction\",\"target\":{\"@type\":\"EntryPoint\",\"urlTemplate\":\"https:\/\/richard-burk.de\/en\/?s={search_term_string}\"},\"query-input\":{\"@type\":\"PropertyValueSpecification\",\"valueRequired\":true,\"valueName\":\"search_term_string\"}}],\"inLanguage\":\"en-US\"},{\"@type\":\"Organization\",\"@id\":\"https:\/\/richard-burk.de\/en\/#organization\",\"name\":\"Richard B\u00fcrk GmbH\",\"url\":\"https:\/\/richard-burk.de\/en\/\",\"logo\":{\"@type\":\"ImageObject\",\"inLanguage\":\"en-US\",\"@id\":\"https:\/\/richard-burk.de\/en\/#\/schema\/logo\/image\/\",\"url\":\"https:\/\/richard-burk.de\/wp-content\/uploads\/2023\/01\/buer_1698_logo_500.png\",\"contentUrl\":\"https:\/\/richard-burk.de\/wp-content\/uploads\/2023\/01\/buer_1698_logo_500.png\",\"width\":500,\"height\":488,\"caption\":\"Richard B\u00fcrk GmbH\"},\"image\":{\"@id\":\"https:\/\/richard-burk.de\/en\/#\/schema\/logo\/image\/\"},\"sameAs\":[\"https:\/\/www.instagram.com\/richard_buerk_gmbh\/\"]}]}<\/script>\n<!-- \/ Yoast SEO plugin. -->","yoast_head_json":{"title":"About Us - Richard B\u00fcrk GmbH","description":"History of Richard B\u00fcrk GmbH: Clockmaking tradition since 1698. Precision and innovation from the Black Forest - then as now.","robots":{"index":"index","follow":"follow","max-snippet":"max-snippet:-1","max-image-preview":"max-image-preview:large","max-video-preview":"max-video-preview:-1"},"canonical":"https:\/\/richard-burk.de\/en\/about-us\/","og_locale":"en_US","og_type":"article","og_title":"About Us - Richard B\u00fcrk GmbH","og_description":"History of Richard B\u00fcrk GmbH: Clockmaking tradition since 1698. Precision and innovation from the Black Forest - then as now.","og_url":"https:\/\/richard-burk.de\/en\/about-us\/","og_site_name":"Richard B\u00fcrk GmbH","article_modified_time":"2025-12-17T11:37:34+00:00","og_image":[{"url":"https:\/\/richard-burk.de\/wp-content\/uploads\/2025\/02\/Buerk_Manufaktur_0708-1024x683.jpg","type":"","width":"","height":""}],"twitter_card":"summary_large_image","twitter_misc":{"Est. reading time":"2 minutes"},"schema":{"@context":"https:\/\/schema.org","@graph":[{"@type":"WebPage","@id":"https:\/\/richard-burk.de\/en\/about-us\/","url":"https:\/\/richard-burk.de\/en\/about-us\/","name":"About Us - Richard B\u00fcrk GmbH","isPartOf":{"@id":"https:\/\/richard-burk.de\/en\/#website"},"primaryImageOfPage":{"@id":"https:\/\/richard-burk.de\/en\/about-us\/#primaryimage"},"image":{"@id":"https:\/\/richard-burk.de\/en\/about-us\/#primaryimage"},"thumbnailUrl":"https:\/\/richard-burk.de\/wp-content\/uploads\/2025\/02\/Buerk_Manufaktur_0708-1024x683.jpg","datePublished":"2025-01-25T09:29:48+00:00","dateModified":"2025-12-17T11:37:34+00:00","description":"History of Richard B\u00fcrk GmbH: Clockmaking tradition since 1698. Precision and innovation from the Black Forest - then as now.","breadcrumb":{"@id":"https:\/\/richard-burk.de\/en\/about-us\/#breadcrumb"},"inLanguage":"en-US","potentialAction":[{"@type":"ReadAction","target":["https:\/\/richard-burk.de\/en\/about-us\/"]}]},{"@type":"ImageObject","inLanguage":"en-US","@id":"https:\/\/richard-burk.de\/en\/about-us\/#primaryimage","url":"https:\/\/richard-burk.de\/wp-content\/uploads\/2025\/02\/Buerk_Manufaktur_0708-1024x683.jpg","contentUrl":"https:\/\/richard-burk.de\/wp-content\/uploads\/2025\/02\/Buerk_Manufaktur_0708-1024x683.jpg"},{"@type":"BreadcrumbList","@id":"https:\/\/richard-burk.de\/en\/about-us\/#breadcrumb","itemListElement":[{"@type":"ListItem","position":1,"name":"Startseite","item":"https:\/\/richard-burk.de\/en\/"},{"@type":"ListItem","position":2,"name":"About Us"}]},{"@type":"WebSite","@id":"https:\/\/richard-burk.de\/en\/#website","url":"https:\/\/richard-burk.de\/en\/","name":"Richard B\u00fcrk GmbH \u2013 Ma\u00dfgeschneiderte Uhren & Pr\u00e4zisionsteile aus eigener Produktion","description":"Mechanische Pr\u00e4zisionsteile f\u00fcr Feinmechanik und Uhren","publisher":{"@id":"https:\/\/richard-burk.de\/en\/#organization"},"potentialAction":[{"@type":"SearchAction","target":{"@type":"EntryPoint","urlTemplate":"https:\/\/richard-burk.de\/en\/?s={search_term_string}"},"query-input":{"@type":"PropertyValueSpecification","valueRequired":true,"valueName":"search_term_string"}}],"inLanguage":"en-US"},{"@type":"Organization","@id":"https:\/\/richard-burk.de\/en\/#organization","name":"Richard B\u00fcrk GmbH","url":"https:\/\/richard-burk.de\/en\/","logo":{"@type":"ImageObject","inLanguage":"en-US","@id":"https:\/\/richard-burk.de\/en\/#\/schema\/logo\/image\/","url":"https:\/\/richard-burk.de\/wp-content\/uploads\/2023\/01\/buer_1698_logo_500.png","contentUrl":"https:\/\/richard-burk.de\/wp-content\/uploads\/2023\/01\/buer_1698_logo_500.png","width":500,"height":488,"caption":"Richard B\u00fcrk GmbH"},"image":{"@id":"https:\/\/richard-burk.de\/en\/#\/schema\/logo\/image\/"},"sameAs":["https:\/\/www.instagram.com\/richard_buerk_gmbh\/"]}]}},"_links":{"self":[{"href":"https:\/\/richard-burk.de\/en\/wp-json\/wp\/v2\/pages\/8259","targetHints":{"allow":["GET"]}}],"collection":[{"href":"https:\/\/richard-burk.de\/en\/wp-json\/wp\/v2\/pages"}],"about":[{"href":"https:\/\/richard-burk.de\/en\/wp-json\/wp\/v2\/types\/page"}],"author":[{"embeddable":true,"href":"https:\/\/richard-burk.de\/en\/wp-json\/wp\/v2\/users\/2"}],"replies":[{"embeddable":true,"href":"https:\/\/richard-burk.de\/en\/wp-json\/wp\/v2\/comments?post=8259"}],"version-history":[{"count":13,"href":"https:\/\/richard-burk.de\/en\/wp-json\/wp\/v2\/pages\/8259\/revisions"}],"predecessor-version":[{"id":8971,"href":"https:\/\/richard-burk.de\/en\/wp-json\/wp\/v2\/pages\/8259\/revisions\/8971"}],"wp:attachment":[{"href":"https:\/\/richard-burk.de\/en\/wp-json\/wp\/v2\/media?parent=8259"}],"curies":[{"name":"wp","href":"https:\/\/api.w.org\/{rel}","templated":true}]}}