{"id":8491,"date":"2025-12-01T09:01:49","date_gmt":"2025-12-01T08:01:49","guid":{"rendered":"https:\/\/richard-burk.de\/?page_id=8491"},"modified":"2025-12-18T10:00:31","modified_gmt":"2025-12-18T09:00:31","slug":"references","status":"publish","type":"page","link":"https:\/\/richard-burk.de\/en\/references\/","title":{"rendered":"References"},"content":{"rendered":"\t\t<div data-elementor-type=\"wp-page\" data-elementor-id=\"8491\" class=\"elementor elementor-8491 elementor-8490\" data-elementor-post-type=\"page\">\n\t\t\t\t\t\t<section class=\"elementor-section elementor-top-section elementor-element elementor-element-e4d896a elementor-section-boxed elementor-section-height-default elementor-section-height-default\" data-id=\"e4d896a\" data-element_type=\"section\">\n\t\t\t\t\t\t<div class=\"elementor-container elementor-column-gap-default\">\n\t\t\t\t\t<div class=\"elementor-column elementor-col-100 elementor-top-column elementor-element elementor-element-1b33dcc\" data-id=\"1b33dcc\" data-element_type=\"column\">\n\t\t\t<div class=\"elementor-widget-wrap elementor-element-populated\">\n\t\t\t\t\t\t<div class=\"elementor-element elementor-element-637e793 elementor-widget elementor-widget-heading\" data-id=\"637e793\" data-element_type=\"widget\" data-widget_type=\"heading.default\">\n\t\t\t\t<div class=\"elementor-widget-container\">\n\t\t\t\t\t<h1 class=\"elementor-heading-title elementor-size-default\">References \u2013 Voices of Our Watch Enthusiasts<\/h1>\t\t\t\t<\/div>\n\t\t\t\t<\/div>\n\t\t\t\t\t<\/div>\n\t\t<\/div>\n\t\t\t\t\t<\/div>\n\t\t<\/section>\n\t\t\t\t<section class=\"elementor-section elementor-top-section elementor-element elementor-element-29d1a8a elementor-section-content-middle elementor-section-boxed elementor-section-height-default elementor-section-height-default\" data-id=\"29d1a8a\" data-element_type=\"section\">\n\t\t\t\t\t\t<div class=\"elementor-container elementor-column-gap-default\">\n\t\t\t\t\t<div class=\"elementor-column elementor-col-50 elementor-top-column elementor-element elementor-element-1f5f2a5\" data-id=\"1f5f2a5\" data-element_type=\"column\">\n\t\t\t<div class=\"elementor-widget-wrap elementor-element-populated\">\n\t\t\t\t\t\t<div class=\"elementor-element elementor-element-4f3fa4f elementor-widget elementor-widget-image\" data-id=\"4f3fa4f\" data-element_type=\"widget\" data-widget_type=\"image.default\">\n\t\t\t\t<div class=\"elementor-widget-container\">\n\t\t\t\t\t\t\t\t\t\t\t\t\t\t\t<img fetchpriority=\"high\" decoding=\"async\" width=\"1024\" height=\"683\" src=\"https:\/\/richard-burk.de\/wp-content\/uploads\/2025\/02\/Buerk_Manufaktur_2119-1024x683.jpg\" class=\"attachment-large size-large wp-image-7713\" alt=\"\" srcset=\"https:\/\/richard-burk.de\/wp-content\/uploads\/2025\/02\/Buerk_Manufaktur_2119-1024x683.jpg 1024w, https:\/\/richard-burk.de\/wp-content\/uploads\/2025\/02\/Buerk_Manufaktur_2119-300x200.jpg 300w, https:\/\/richard-burk.de\/wp-content\/uploads\/2025\/02\/Buerk_Manufaktur_2119-768x512.jpg 768w, https:\/\/richard-burk.de\/wp-content\/uploads\/2025\/02\/Buerk_Manufaktur_2119-1536x1024.jpg 1536w, https:\/\/richard-burk.de\/wp-content\/uploads\/2025\/02\/Buerk_Manufaktur_2119-2048x1365.jpg 2048w\" sizes=\"(max-width: 1024px) 100vw, 1024px\" \/>\t\t\t\t\t\t\t\t\t\t\t\t\t\t\t<\/div>\n\t\t\t\t<\/div>\n\t\t\t\t\t<\/div>\n\t\t<\/div>\n\t\t\t\t<div class=\"elementor-column elementor-col-50 elementor-top-column elementor-element elementor-element-2d3cf0f\" data-id=\"2d3cf0f\" data-element_type=\"column\">\n\t\t\t<div class=\"elementor-widget-wrap elementor-element-populated\">\n\t\t\t\t\t\t<div class=\"elementor-element elementor-element-1249d0e elementor-widget elementor-widget-text-editor\" data-id=\"1249d0e\" data-element_type=\"widget\" data-widget_type=\"text-editor.default\">\n\t\t\t\t<div class=\"elementor-widget-container\">\n\t\t\t\t\t\t\t\t\t<h2><strong>Selected Masterpieces from Our Manufactory<\/strong><\/h2><p>For generations, B\u00fcrk timepieces have inspired people who value precision, individuality, and true craftsmanship. In our references, we offer you an insight into selected unique pieces and the stories behind them.<\/p><p>We warmly invite you to share your ideas, wishes, or special concepts with us \u2013 we appreciate every piece of feedback and every inspiration for new masterpieces.<\/p>\t\t\t\t\t\t\t\t<\/div>\n\t\t\t\t<\/div>\n\t\t\t\t\t<\/div>\n\t\t<\/div>\n\t\t\t\t\t<\/div>\n\t\t<\/section>\n\t\t\t\t<section class=\"elementor-section elementor-top-section elementor-element elementor-element-31a7a11 elementor-section-boxed elementor-section-height-default elementor-section-height-default\" data-id=\"31a7a11\" data-element_type=\"section\">\n\t\t\t\t\t\t<div class=\"elementor-container elementor-column-gap-default\">\n\t\t\t\t\t<div class=\"elementor-column elementor-col-100 elementor-top-column elementor-element elementor-element-3481035\" data-id=\"3481035\" data-element_type=\"column\">\n\t\t\t<div class=\"elementor-widget-wrap elementor-element-populated\">\n\t\t\t\t\t\t<div class=\"elementor-element elementor-element-117cf62 elementor-widget elementor-widget-heading\" data-id=\"117cf62\" data-element_type=\"widget\" data-widget_type=\"heading.default\">\n\t\t\t\t<div class=\"elementor-widget-container\">\n\t\t\t\t\t<h2 class=\"elementor-heading-title elementor-size-default\">Our Partners | Clients<\/h2>\t\t\t\t<\/div>\n\t\t\t\t<\/div>\n\t\t\t\t\t<\/div>\n\t\t<\/div>\n\t\t\t\t\t<\/div>\n\t\t<\/section>\n\t\t\t\t<section class=\"elementor-section elementor-top-section elementor-element elementor-element-a0d5c93 elementor-section-boxed elementor-section-height-default elementor-section-height-default\" data-id=\"a0d5c93\" data-element_type=\"section\">\n\t\t\t\t\t\t<div class=\"elementor-container elementor-column-gap-default\">\n\t\t\t\t\t<div class=\"elementor-column elementor-col-100 elementor-top-column elementor-element elementor-element-ad4dc04\" data-id=\"ad4dc04\" data-element_type=\"column\">\n\t\t\t<div class=\"elementor-widget-wrap elementor-element-populated\">\n\t\t\t\t\t\t<div class=\"elementor-element elementor-element-68c8bec elementor-widget elementor-widget-text-editor\" data-id=\"68c8bec\" data-element_type=\"widget\" data-widget_type=\"text-editor.default\">\n\t\t\t\t<div class=\"elementor-widget-container\">\n\t\t\t\t\t\t\t\t\t<h4>B<\/h4><p>Braun, Manuela: www.imageberatungbraun.de, 78239 Rielasingen<\/p><p>Br\u00fcckner, M: 55218 Ingelheim<\/p><p>B\u00fcrk, Erich: S\u00e4ngerstr. 36, 78054 Villingen-Schwenningen<\/p><p>\u00a0<\/p><h4>C<\/h4><p>Courkamp, G. 45527 Hattingen<\/p><p>\u00a0<\/p><h4>E<\/h4><p>Eifried GmbH, Bauunternehmung, Tullastr. 35, 76646 Bruchsal<\/p><p>ELBRO AG, Gewerbestr. 4, CH-8162 Steinmaur<\/p><p>\u00a0<\/p><h4>F<\/h4><p>M\u00f6bel Fuchs GmbH, Kaiserstr. 27, 76646 Bruchsal<\/p><p>\u00a0<\/p><h4>H<\/h4><p>Hirsch, R: 56753 Mertloch<\/p><p>Hottinger, G: 75203 K\u00f6nigsbach-Stein<\/p><p>\u00a0<\/p><h4>K<\/h4><p>kaiser architekten, dagmar kaiser, lindensp\u00fcrstr.22, 70176 Stuttgart<\/p><p>Kortas, M: Dargetzow 3, 23970 Wismar<\/p><p>\u00a0<\/p><h4>L<\/h4><p>L&amp;C Zeitdesign \u00ae &#8211; \u00d6sterreich<\/p><p>Leister-Logemann: 28816 Stuhr<\/p><p>\u00a0<\/p><h4>P<\/h4><p>Pawlik, E: , A-2000 Stockerau<\/p><p>Peplau, M: 35447 Reiskirchen<\/p><p>\u00a0<\/p><h4>R<\/h4><p>Reim, R: Arnsteinerstr. 45, 97753 Karlsstadt<\/p><p>Rey, Fredy; 78479 Reichenau<\/p><p>Ryffel, Dr. M.H.; CH-Bremgarten<\/p><p>\u00a0<\/p><h4>S<\/h4><p>Schadt &amp; Orner GbR, Marktplatz 20, 78549 Spaichingen<\/p><p>Sievers, J: Am Wasserwerk 4, 24220 Flintbek<\/p><p>Stockmann, Frank Eric: Relax &amp; Reset Workshops, Obere Birke 43, 72138 Kirchentellingsfurt<\/p><p>\u00a0<\/p><h4>W<\/h4><p>Wider Engineering &amp; Verlag,<\/p><p>Wiedler, I: 73732 Esslingen<\/p><p>Winterhagen, P: 73732 Esslingen<\/p>\t\t\t\t\t\t\t\t<\/div>\n\t\t\t\t<\/div>\n\t\t\t\t\t<\/div>\n\t\t<\/div>\n\t\t\t\t\t<\/div>\n\t\t<\/section>\n\t\t\t\t<section class=\"elementor-section elementor-top-section elementor-element elementor-element-971021c elementor-section-height-min-height elementor-section-content-bottom elementor-section-boxed elementor-section-height-default elementor-section-items-middle\" data-id=\"971021c\" data-element_type=\"section\" data-settings=\"{&quot;background_background&quot;:&quot;classic&quot;}\">\n\t\t\t\t\t\t<div class=\"elementor-container elementor-column-gap-default\">\n\t\t\t\t\t<div class=\"elementor-column elementor-col-100 elementor-top-column elementor-element elementor-element-4b066d8\" data-id=\"4b066d8\" data-element_type=\"column\">\n\t\t\t<div class=\"elementor-widget-wrap elementor-element-populated\">\n\t\t\t\t\t\t<section class=\"elementor-section elementor-inner-section elementor-element elementor-element-a6eb14f elementor-section-boxed elementor-section-height-default elementor-section-height-default\" data-id=\"a6eb14f\" data-element_type=\"section\">\n\t\t\t\t\t\t<div class=\"elementor-container elementor-column-gap-default\">\n\t\t\t\t\t<div class=\"elementor-column elementor-col-50 elementor-inner-column elementor-element elementor-element-53c1757\" data-id=\"53c1757\" data-element_type=\"column\">\n\t\t\t<div class=\"elementor-widget-wrap elementor-element-populated\">\n\t\t\t\t\t\t<div class=\"elementor-element elementor-element-15d23bc elementor-widget__width-initial elementor-widget elementor-widget-text-editor\" data-id=\"15d23bc\" data-element_type=\"widget\" data-widget_type=\"text-editor.default\">\n\t\t\t\t<div class=\"elementor-widget-container\">\n\t\t\t\t\t\t\t\t\t<h2><strong>Our Values<\/strong><\/h2><ul><li>Mechanical precision watches, individually crafted<\/li><li>Unique pieces with numbering, signature, and certificate of authenticity<\/li><li>Development and production in regional specialist workshops<\/li><li>Personal consultation in a calm and relaxed atmosphere<\/li><li>Lifetime warranty upon request<\/li><li>Tradition and watchmaking craftsmanship spanning centuries<\/li><\/ul>\t\t\t\t\t\t\t\t<\/div>\n\t\t\t\t<\/div>\n\t\t\t\t\t<\/div>\n\t\t<\/div>\n\t\t\t\t<div class=\"elementor-column elementor-col-50 elementor-inner-column elementor-element elementor-element-06131c8\" data-id=\"06131c8\" data-element_type=\"column\">\n\t\t\t<div class=\"elementor-widget-wrap\">\n\t\t\t\t\t\t\t<\/div>\n\t\t<\/div>\n\t\t\t\t\t<\/div>\n\t\t<\/section>\n\t\t\t\t\t<\/div>\n\t\t<\/div>\n\t\t\t\t\t<\/div>\n\t\t<\/section>\n\t\t\t\t<section class=\"elementor-section elementor-top-section elementor-element elementor-element-e3267be elementor-section-full_width elementor-section-content-middle elementor-section-height-default elementor-section-height-default\" data-id=\"e3267be\" data-element_type=\"section\" data-settings=\"{&quot;background_background&quot;:&quot;classic&quot;}\">\n\t\t\t\t\t\t<div class=\"elementor-container elementor-column-gap-no\">\n\t\t\t\t\t<div class=\"elementor-column elementor-col-100 elementor-top-column elementor-element elementor-element-94991c6\" data-id=\"94991c6\" data-element_type=\"column\">\n\t\t\t<div class=\"elementor-widget-wrap elementor-element-populated\">\n\t\t\t\t\t\t<section class=\"elementor-section elementor-inner-section elementor-element elementor-element-f012730 elementor-section-full_width elementor-section-height-min-height elementor-section-content-middle elementor-section-height-default\" data-id=\"f012730\" data-element_type=\"section\" data-settings=\"{&quot;background_background&quot;:&quot;classic&quot;}\">\n\t\t\t\t\t\t<div class=\"elementor-container elementor-column-gap-no\">\n\t\t\t\t\t<div class=\"elementor-column elementor-col-50 elementor-inner-column elementor-element elementor-element-66f1e80\" data-id=\"66f1e80\" data-element_type=\"column\" data-settings=\"{&quot;background_background&quot;:&quot;classic&quot;}\">\n\t\t\t<div class=\"elementor-widget-wrap\">\n\t\t\t\t\t\t\t<\/div>\n\t\t<\/div>\n\t\t\t\t<div class=\"elementor-column elementor-col-50 elementor-inner-column elementor-element elementor-element-6f77eff\" data-id=\"6f77eff\" data-element_type=\"column\">\n\t\t\t<div class=\"elementor-widget-wrap elementor-element-populated\">\n\t\t\t\t\t\t<div class=\"elementor-element elementor-element-c05fff9 elementor-widget elementor-widget-heading\" data-id=\"c05fff9\" data-element_type=\"widget\" data-widget_type=\"heading.default\">\n\t\t\t\t<div class=\"elementor-widget-container\">\n\t\t\t\t\t<h2 class=\"elementor-heading-title elementor-size-default\">Contact<\/h2>\t\t\t\t<\/div>\n\t\t\t\t<\/div>\n\t\t\t\t<div class=\"elementor-element elementor-element-b7870a3 elementor-widget elementor-widget-heading\" data-id=\"b7870a3\" data-element_type=\"widget\" data-widget_type=\"heading.default\">\n\t\t\t\t<div class=\"elementor-widget-container\">\n\t\t\t\t\t<h3 class=\"elementor-heading-title elementor-size-default\">We look foward to your feedback and suggestions!<\/h3>\t\t\t\t<\/div>\n\t\t\t\t<\/div>\n\t\t\t\t<div class=\"elementor-element elementor-element-2cab06b elementor-widget elementor-widget-text-editor\" data-id=\"2cab06b\" data-element_type=\"widget\" data-widget_type=\"text-editor.default\">\n\t\t\t\t<div class=\"elementor-widget-container\">\n\t\t\t\t\t\t\t\t\t<p><span style=\"font-weight: 400\">Do you have any questions or need a customized offer? We are always happy to help! <\/span><\/p><p><span style=\"font-weight: 400\">MADE WITH HEART IN BLACK-FOREST <br \/><\/span><\/p>\t\t\t\t\t\t\t\t<\/div>\n\t\t\t\t<\/div>\n\t\t\t\t<div class=\"elementor-element elementor-element-bb4de24 icon-vertical-align-center content-align-left icon-box-vertical-align-top icon-position-left elementor-widget elementor-widget-the7_icon_box_grid_widget\" data-id=\"bb4de24\" data-element_type=\"widget\" data-widget_type=\"the7_icon_box_grid_widget.default\">\n\t\t\t\t<div class=\"elementor-widget-container\">\n\t\t\t\t\t<div class=\"the7-box-grid-wrapper the7-elementor-widget loading-effect-none the7_icon_box_grid_widget-bb4de24\">\t\t\t<div class=\"dt-css-grid\">\n\t\t\t\t\t\t\t\t\t<div class=\"wf-cell shown\">\n\t\t\t\t\t\t<div class=\"the7-icon-box-grid\">\t\t\t\t\t\t\t<div class=\"box-content-wrapper\">\n\t\t\t\t\t\t\t\t\t\t\t\t\t\t\t\t\t<a class=\"elementor-icon-div\" aria-label=\"Gewerbestra\u00dfe 55&lt;br&gt;78054 Villingen-Schwenningen\">\t\t\t\t\t\t\t\t\t\t<div class=\"elementor-icon\">\n\t\t\t\t\t\t\t\t\t\t\t<i aria-hidden=\"true\" class=\"the7feather- the7-feather-map-pin\"><\/i>\t\t\t\t\t\t\t\t\t\t<\/div>\n\t\t\t\t\t\t\t\t\t<\/a>\t\t\t\t\t\t\t\t\t\t\t\t\t\t\t\t<div class=\"box-content\">\n\t\t\t\t\t\t\t\t\t\t\t\t\t\t\t\t\t\t\t\t\t\t\t\t\t\t\t\t\t<h4 class=\"box-heading\">\n\t\t\t\t\t\t\t\t\t\t\t<a aria-label=\"Gewerbestra\u00dfe 55&lt;br&gt;78054 Villingen-Schwenningen\">\t\t\t\t\t\t\t\t\t\t\t\tGewerbestra\u00dfe 55<br>78054 Villingen-Schwenningen\t\t\t\t\t\t\t\t\t\t\t<\/a>\t\t\t\t\t\t\t\t\t\t<\/h4>\n\t\t\t\t\t\t\t\t\t\t\t\t\t\t\t\t\t\t\t\t\t\t\t\t\t\t\t\t\t\t\t\t\t\t\t<\/div>\n\t\t\t\t\t\t\t<\/div>\n\t\t\t\t\t\t<\/div>\t\t\t\t\t<\/div>\n\t\t\t\t\t\t\t\t\t<div class=\"wf-cell shown\">\n\t\t\t\t\t\t<div class=\"the7-icon-box-grid\">\t\t\t\t\t\t\t<div class=\"box-content-wrapper\">\n\t\t\t\t\t\t\t\t\t\t\t\t\t\t\t\t\t<a class=\"elementor-icon-div\" aria-label=\"&lt;a href=&quot;info@buerk1698.de&quot;&gt;info@buerk1698.de&lt;\/a&gt;\">\t\t\t\t\t\t\t\t\t\t<div class=\"elementor-icon\">\n\t\t\t\t\t\t\t\t\t\t\t<i aria-hidden=\"true\" class=\"the7feather- the7-feather-mail\"><\/i>\t\t\t\t\t\t\t\t\t\t<\/div>\n\t\t\t\t\t\t\t\t\t<\/a>\t\t\t\t\t\t\t\t\t\t\t\t\t\t\t\t<div class=\"box-content\">\n\t\t\t\t\t\t\t\t\t\t\t\t\t\t\t\t\t\t\t\t\t\t\t\t\t\t\t\t\t<h4 class=\"box-heading\">\n\t\t\t\t\t\t\t\t\t\t\t<a aria-label=\"&lt;a href=&quot;info@buerk1698.de&quot;&gt;info@buerk1698.de&lt;\/a&gt;\">\t\t\t\t\t\t\t\t\t\t\t\t<a href=\"info@buerk1698.de\">info@buerk1698.de<\/a>\t\t\t\t\t\t\t\t\t\t\t<\/a>\t\t\t\t\t\t\t\t\t\t<\/h4>\n\t\t\t\t\t\t\t\t\t\t\t\t\t\t\t\t\t\t\t\t\t\t\t\t\t\t\t\t\t\t\t\t\t\t\t<\/div>\n\t\t\t\t\t\t\t<\/div>\n\t\t\t\t\t\t<\/div>\t\t\t\t\t<\/div>\n\t\t\t\t\t\t\t\t\t<div class=\"wf-cell shown\">\n\t\t\t\t\t\t<div class=\"the7-icon-box-grid\">\t\t\t\t\t\t\t<div class=\"box-content-wrapper\">\n\t\t\t\t\t\t\t\t\t\t\t\t\t\t\t\t\t<a class=\"elementor-icon-div\" aria-label=\"&lt;a href=&quot;tel:+49772030030&quot;&gt;(+49) 77 20 \/ 3003-0\">\t\t\t\t\t\t\t\t\t\t<div class=\"elementor-icon\">\n\t\t\t\t\t\t\t\t\t\t\t<i aria-hidden=\"true\" class=\"the7feather- the7-feather-phone-call\"><\/i>\t\t\t\t\t\t\t\t\t\t<\/div>\n\t\t\t\t\t\t\t\t\t<\/a>\t\t\t\t\t\t\t\t\t\t\t\t\t\t\t\t<div class=\"box-content\">\n\t\t\t\t\t\t\t\t\t\t\t\t\t\t\t\t\t\t\t\t\t\t\t\t\t\t\t\t\t<h4 class=\"box-heading\">\n\t\t\t\t\t\t\t\t\t\t\t<a aria-label=\"&lt;a href=&quot;tel:+49772030030&quot;&gt;(+49) 77 20 \/ 3003-0\">\t\t\t\t\t\t\t\t\t\t\t\t<a href=\"tel:+49772030030\">(+49) 77 20 \/ 3003-0\t\t\t\t\t\t\t\t\t\t\t<\/a>\t\t\t\t\t\t\t\t\t\t<\/h4>\n\t\t\t\t\t\t\t\t\t\t\t\t\t\t\t\t\t\t\t\t\t\t\t\t\t\t\t\t\t\t\t\t\t\t\t<\/div>\n\t\t\t\t\t\t\t<\/div>\n\t\t\t\t\t\t<\/div>\t\t\t\t\t<\/div>\n\t\t\t\t\t\t\t<\/div>\n\t\t<\/div>\t\t\t\t<\/div>\n\t\t\t\t<\/div>\n\t\t\t\t\t<\/div>\n\t\t<\/div>\n\t\t\t\t\t<\/div>\n\t\t<\/section>\n\t\t\t\t\t<\/div>\n\t\t<\/div>\n\t\t\t\t\t<\/div>\n\t\t<\/section>\n\t\t\t\t<\/div>\n\t\t","protected":false},"excerpt":{"rendered":"<p>References \u2013 Voices of Our Watch Enthusiasts Selected Masterpieces from Our Manufactory For generations, B\u00fcrk timepieces have inspired people who value precision, individuality, and true craftsmanship. In our references, we offer you an insight into selected unique pieces and the stories behind them. We warmly invite you to share your ideas, wishes, or special concepts&hellip;<\/p>\n","protected":false},"author":2,"featured_media":0,"parent":0,"menu_order":0,"comment_status":"closed","ping_status":"closed","template":"","meta":{"footnotes":""},"class_list":["post-8491","page","type-page","status-publish","hentry"],"yoast_head":"<!-- This site is optimized with the Yoast SEO plugin v26.6 - https:\/\/yoast.com\/wordpress\/plugins\/seo\/ -->\n<title>References - Projects and Partner - Richard B\u00fcrk GmbH<\/title>\n<meta name=\"description\" content=\"Richard B\u00fcrk Saw Clocks: Unique, handcrafted clocks. Black Forest precision and innovative mechanics in a timeless design.\" \/>\n<meta name=\"robots\" content=\"index, follow, max-snippet:-1, max-image-preview:large, max-video-preview:-1\" \/>\n<link rel=\"canonical\" href=\"https:\/\/richard-burk.de\/en\/references\/\" \/>\n<meta property=\"og:locale\" content=\"en_US\" \/>\n<meta property=\"og:type\" content=\"article\" \/>\n<meta property=\"og:title\" content=\"References - Projects and Partner - Richard B\u00fcrk GmbH\" \/>\n<meta property=\"og:description\" content=\"Richard B\u00fcrk Saw Clocks: Unique, handcrafted clocks. Black Forest precision and innovative mechanics in a timeless design.\" \/>\n<meta property=\"og:url\" content=\"https:\/\/richard-burk.de\/en\/references\/\" \/>\n<meta property=\"og:site_name\" content=\"Richard B\u00fcrk GmbH\" \/>\n<meta property=\"article:modified_time\" content=\"2025-12-18T09:00:31+00:00\" \/>\n<meta property=\"og:image\" content=\"https:\/\/richard-burk.de\/wp-content\/uploads\/2025\/02\/Buerk_Manufaktur_2119-1024x683.jpg\" \/>\n<meta name=\"twitter:card\" content=\"summary_large_image\" \/>\n<meta name=\"twitter:label1\" content=\"Est. reading time\" \/>\n\t<meta name=\"twitter:data1\" content=\"2 minutes\" \/>\n<script type=\"application\/ld+json\" class=\"yoast-schema-graph\">{\"@context\":\"https:\/\/schema.org\",\"@graph\":[{\"@type\":\"WebPage\",\"@id\":\"https:\/\/richard-burk.de\/en\/references\/\",\"url\":\"https:\/\/richard-burk.de\/en\/references\/\",\"name\":\"References - Projects and Partner - Richard B\u00fcrk GmbH\",\"isPartOf\":{\"@id\":\"https:\/\/richard-burk.de\/en\/#website\"},\"primaryImageOfPage\":{\"@id\":\"https:\/\/richard-burk.de\/en\/references\/#primaryimage\"},\"image\":{\"@id\":\"https:\/\/richard-burk.de\/en\/references\/#primaryimage\"},\"thumbnailUrl\":\"https:\/\/richard-burk.de\/wp-content\/uploads\/2025\/02\/Buerk_Manufaktur_2119-1024x683.jpg\",\"datePublished\":\"2025-12-01T08:01:49+00:00\",\"dateModified\":\"2025-12-18T09:00:31+00:00\",\"description\":\"Richard B\u00fcrk Saw Clocks: Unique, handcrafted clocks. Black Forest precision and innovative mechanics in a timeless design.\",\"breadcrumb\":{\"@id\":\"https:\/\/richard-burk.de\/en\/references\/#breadcrumb\"},\"inLanguage\":\"en-US\",\"potentialAction\":[{\"@type\":\"ReadAction\",\"target\":[\"https:\/\/richard-burk.de\/en\/references\/\"]}]},{\"@type\":\"ImageObject\",\"inLanguage\":\"en-US\",\"@id\":\"https:\/\/richard-burk.de\/en\/references\/#primaryimage\",\"url\":\"https:\/\/richard-burk.de\/wp-content\/uploads\/2025\/02\/Buerk_Manufaktur_2119-1024x683.jpg\",\"contentUrl\":\"https:\/\/richard-burk.de\/wp-content\/uploads\/2025\/02\/Buerk_Manufaktur_2119-1024x683.jpg\"},{\"@type\":\"BreadcrumbList\",\"@id\":\"https:\/\/richard-burk.de\/en\/references\/#breadcrumb\",\"itemListElement\":[{\"@type\":\"ListItem\",\"position\":1,\"name\":\"Startseite\",\"item\":\"https:\/\/richard-burk.de\/en\/\"},{\"@type\":\"ListItem\",\"position\":2,\"name\":\"References\"}]},{\"@type\":\"WebSite\",\"@id\":\"https:\/\/richard-burk.de\/en\/#website\",\"url\":\"https:\/\/richard-burk.de\/en\/\",\"name\":\"Richard B\u00fcrk GmbH \u2013 Ma\u00dfgeschneiderte Uhren & Pr\u00e4zisionsteile aus eigener Produktion\",\"description\":\"Mechanische Pr\u00e4zisionsteile f\u00fcr Feinmechanik und Uhren\",\"publisher\":{\"@id\":\"https:\/\/richard-burk.de\/en\/#organization\"},\"potentialAction\":[{\"@type\":\"SearchAction\",\"target\":{\"@type\":\"EntryPoint\",\"urlTemplate\":\"https:\/\/richard-burk.de\/en\/?s={search_term_string}\"},\"query-input\":{\"@type\":\"PropertyValueSpecification\",\"valueRequired\":true,\"valueName\":\"search_term_string\"}}],\"inLanguage\":\"en-US\"},{\"@type\":\"Organization\",\"@id\":\"https:\/\/richard-burk.de\/en\/#organization\",\"name\":\"Richard B\u00fcrk GmbH\",\"url\":\"https:\/\/richard-burk.de\/en\/\",\"logo\":{\"@type\":\"ImageObject\",\"inLanguage\":\"en-US\",\"@id\":\"https:\/\/richard-burk.de\/en\/#\/schema\/logo\/image\/\",\"url\":\"https:\/\/richard-burk.de\/wp-content\/uploads\/2023\/01\/buer_1698_logo_500.png\",\"contentUrl\":\"https:\/\/richard-burk.de\/wp-content\/uploads\/2023\/01\/buer_1698_logo_500.png\",\"width\":500,\"height\":488,\"caption\":\"Richard B\u00fcrk GmbH\"},\"image\":{\"@id\":\"https:\/\/richard-burk.de\/en\/#\/schema\/logo\/image\/\"},\"sameAs\":[\"https:\/\/www.instagram.com\/richard_buerk_gmbh\/\"]}]}<\/script>\n<!-- \/ Yoast SEO plugin. -->","yoast_head_json":{"title":"References - Projects and Partner - Richard B\u00fcrk GmbH","description":"Richard B\u00fcrk Saw Clocks: Unique, handcrafted clocks. Black Forest precision and innovative mechanics in a timeless design.","robots":{"index":"index","follow":"follow","max-snippet":"max-snippet:-1","max-image-preview":"max-image-preview:large","max-video-preview":"max-video-preview:-1"},"canonical":"https:\/\/richard-burk.de\/en\/references\/","og_locale":"en_US","og_type":"article","og_title":"References - Projects and Partner - Richard B\u00fcrk GmbH","og_description":"Richard B\u00fcrk Saw Clocks: Unique, handcrafted clocks. Black Forest precision and innovative mechanics in a timeless design.","og_url":"https:\/\/richard-burk.de\/en\/references\/","og_site_name":"Richard B\u00fcrk GmbH","article_modified_time":"2025-12-18T09:00:31+00:00","og_image":[{"url":"https:\/\/richard-burk.de\/wp-content\/uploads\/2025\/02\/Buerk_Manufaktur_2119-1024x683.jpg","type":"","width":"","height":""}],"twitter_card":"summary_large_image","twitter_misc":{"Est. reading time":"2 minutes"},"schema":{"@context":"https:\/\/schema.org","@graph":[{"@type":"WebPage","@id":"https:\/\/richard-burk.de\/en\/references\/","url":"https:\/\/richard-burk.de\/en\/references\/","name":"References - Projects and Partner - Richard B\u00fcrk GmbH","isPartOf":{"@id":"https:\/\/richard-burk.de\/en\/#website"},"primaryImageOfPage":{"@id":"https:\/\/richard-burk.de\/en\/references\/#primaryimage"},"image":{"@id":"https:\/\/richard-burk.de\/en\/references\/#primaryimage"},"thumbnailUrl":"https:\/\/richard-burk.de\/wp-content\/uploads\/2025\/02\/Buerk_Manufaktur_2119-1024x683.jpg","datePublished":"2025-12-01T08:01:49+00:00","dateModified":"2025-12-18T09:00:31+00:00","description":"Richard B\u00fcrk Saw Clocks: Unique, handcrafted clocks. Black Forest precision and innovative mechanics in a timeless design.","breadcrumb":{"@id":"https:\/\/richard-burk.de\/en\/references\/#breadcrumb"},"inLanguage":"en-US","potentialAction":[{"@type":"ReadAction","target":["https:\/\/richard-burk.de\/en\/references\/"]}]},{"@type":"ImageObject","inLanguage":"en-US","@id":"https:\/\/richard-burk.de\/en\/references\/#primaryimage","url":"https:\/\/richard-burk.de\/wp-content\/uploads\/2025\/02\/Buerk_Manufaktur_2119-1024x683.jpg","contentUrl":"https:\/\/richard-burk.de\/wp-content\/uploads\/2025\/02\/Buerk_Manufaktur_2119-1024x683.jpg"},{"@type":"BreadcrumbList","@id":"https:\/\/richard-burk.de\/en\/references\/#breadcrumb","itemListElement":[{"@type":"ListItem","position":1,"name":"Startseite","item":"https:\/\/richard-burk.de\/en\/"},{"@type":"ListItem","position":2,"name":"References"}]},{"@type":"WebSite","@id":"https:\/\/richard-burk.de\/en\/#website","url":"https:\/\/richard-burk.de\/en\/","name":"Richard B\u00fcrk GmbH \u2013 Ma\u00dfgeschneiderte Uhren & Pr\u00e4zisionsteile aus eigener Produktion","description":"Mechanische Pr\u00e4zisionsteile f\u00fcr Feinmechanik und Uhren","publisher":{"@id":"https:\/\/richard-burk.de\/en\/#organization"},"potentialAction":[{"@type":"SearchAction","target":{"@type":"EntryPoint","urlTemplate":"https:\/\/richard-burk.de\/en\/?s={search_term_string}"},"query-input":{"@type":"PropertyValueSpecification","valueRequired":true,"valueName":"search_term_string"}}],"inLanguage":"en-US"},{"@type":"Organization","@id":"https:\/\/richard-burk.de\/en\/#organization","name":"Richard B\u00fcrk GmbH","url":"https:\/\/richard-burk.de\/en\/","logo":{"@type":"ImageObject","inLanguage":"en-US","@id":"https:\/\/richard-burk.de\/en\/#\/schema\/logo\/image\/","url":"https:\/\/richard-burk.de\/wp-content\/uploads\/2023\/01\/buer_1698_logo_500.png","contentUrl":"https:\/\/richard-burk.de\/wp-content\/uploads\/2023\/01\/buer_1698_logo_500.png","width":500,"height":488,"caption":"Richard B\u00fcrk GmbH"},"image":{"@id":"https:\/\/richard-burk.de\/en\/#\/schema\/logo\/image\/"},"sameAs":["https:\/\/www.instagram.com\/richard_buerk_gmbh\/"]}]}},"_links":{"self":[{"href":"https:\/\/richard-burk.de\/en\/wp-json\/wp\/v2\/pages\/8491","targetHints":{"allow":["GET"]}}],"collection":[{"href":"https:\/\/richard-burk.de\/en\/wp-json\/wp\/v2\/pages"}],"about":[{"href":"https:\/\/richard-burk.de\/en\/wp-json\/wp\/v2\/types\/page"}],"author":[{"embeddable":true,"href":"https:\/\/richard-burk.de\/en\/wp-json\/wp\/v2\/users\/2"}],"replies":[{"embeddable":true,"href":"https:\/\/richard-burk.de\/en\/wp-json\/wp\/v2\/comments?post=8491"}],"version-history":[{"count":11,"href":"https:\/\/richard-burk.de\/en\/wp-json\/wp\/v2\/pages\/8491\/revisions"}],"predecessor-version":[{"id":8979,"href":"https:\/\/richard-burk.de\/en\/wp-json\/wp\/v2\/pages\/8491\/revisions\/8979"}],"wp:attachment":[{"href":"https:\/\/richard-burk.de\/en\/wp-json\/wp\/v2\/media?parent=8491"}],"curies":[{"name":"wp","href":"https:\/\/api.w.org\/{rel}","templated":true}]}}