{"id":8283,"date":"2025-01-25T10:29:48","date_gmt":"2025-01-25T09:29:48","guid":{"rendered":"https:\/\/richard-burk.de\/a-propos-de-nous\/"},"modified":"2025-12-17T12:41:37","modified_gmt":"2025-12-17T11:41:37","slug":"a-propos-de-nous","status":"publish","type":"page","link":"https:\/\/richard-burk.de\/fr\/a-propos-de-nous\/","title":{"rendered":"\u00c0 propos de nous"},"content":{"rendered":"\t\t<div data-elementor-type=\"wp-page\" data-elementor-id=\"8283\" class=\"elementor elementor-8283 elementor-6959\" data-elementor-post-type=\"page\">\n\t\t\t\t\t\t<section class=\"elementor-section elementor-top-section elementor-element elementor-element-0e90c42 elementor-section-boxed elementor-section-height-default elementor-section-height-default\" data-id=\"0e90c42\" data-element_type=\"section\">\n\t\t\t\t\t\t<div class=\"elementor-container elementor-column-gap-no\">\n\t\t\t\t\t<div class=\"elementor-column elementor-col-100 elementor-top-column elementor-element elementor-element-de12030\" data-id=\"de12030\" data-element_type=\"column\">\n\t\t\t<div class=\"elementor-widget-wrap elementor-element-populated\">\n\t\t\t\t\t\t<div class=\"elementor-element elementor-element-9627788 elementor-widget elementor-widget-heading\" data-id=\"9627788\" data-element_type=\"widget\" data-widget_type=\"heading.default\">\n\t\t\t\t<div class=\"elementor-widget-container\">\n\t\t\t\t\t<h1 class=\"elementor-heading-title elementor-size-default\">Richard B\u00fcrk<\/h1>\t\t\t\t<\/div>\n\t\t\t\t<\/div>\n\t\t\t\t<div class=\"elementor-element elementor-element-1b5ca6a elementor-widget elementor-widget-heading\" data-id=\"1b5ca6a\" data-element_type=\"widget\" data-widget_type=\"heading.default\">\n\t\t\t\t<div class=\"elementor-widget-container\">\n\t\t\t\t\t<h2 class=\"elementor-heading-title elementor-size-default\">Pr\u00e9cision et tradition depuis 1491<\/h2>\t\t\t\t<\/div>\n\t\t\t\t<\/div>\n\t\t\t\t\t<\/div>\n\t\t<\/div>\n\t\t\t\t\t<\/div>\n\t\t<\/section>\n\t\t\t\t<section class=\"elementor-section elementor-top-section elementor-element elementor-element-7b79017 elementor-section-content-middle elementor-reverse-mobile elementor-section-boxed elementor-section-height-default elementor-section-height-default\" data-id=\"7b79017\" data-element_type=\"section\">\n\t\t\t\t\t\t<div class=\"elementor-container elementor-column-gap-default\">\n\t\t\t\t\t<div class=\"elementor-column elementor-col-50 elementor-top-column elementor-element elementor-element-c2228cc\" data-id=\"c2228cc\" data-element_type=\"column\">\n\t\t\t<div class=\"elementor-widget-wrap elementor-element-populated\">\n\t\t\t\t\t\t<div class=\"elementor-element elementor-element-39d5910 elementor-widget elementor-widget-text-editor\" data-id=\"39d5910\" data-element_type=\"widget\" data-widget_type=\"text-editor.default\">\n\t\t\t\t<div class=\"elementor-widget-container\">\n\t\t\t\t\t\t\t\t\t<h3>B\u00fcrk 1698<\/h3><p>B\u00fcrk d\u00e9veloppe et fabrique des <strong>montres<\/strong> <strong>m\u00e9caniques<\/strong>, des <strong>mouvements<\/strong> ainsi que les plus fines <strong>pi\u00e8ces horlog\u00e8res<\/strong> selon un <strong>savoir-faire<\/strong> artisanal traditionnel. Ce travail manuel est compl\u00e9t\u00e9 par des machines sp\u00e9cialis\u00e9es, dont certaines ont \u00e9t\u00e9 sp\u00e9cialement con\u00e7ues et adapt\u00e9es en interne. De la conception \u00e0 la fabrication jusqu\u2019\u00e0 l\u2019assemblage final, l\u2019ensemble de la cha\u00eene de valeur est r\u00e9uni sous un m\u00eame toit \u2013 symbole de <strong>pr\u00e9cision<\/strong>, de <strong>profondeur technique<\/strong> et d\u2019une qualit\u00e9 de <strong>manufacture<\/strong> <strong>sans compromis<\/strong>.<\/p>\t\t\t\t\t\t\t\t<\/div>\n\t\t\t\t<\/div>\n\t\t\t\t<div class=\"elementor-element elementor-element-7767451 elementor-align-left elementor-widget elementor-widget-button\" data-id=\"7767451\" data-element_type=\"widget\" data-widget_type=\"button.default\">\n\t\t\t\t<div class=\"elementor-widget-container\">\n\t\t\t\t\t\t\t\t\t<div class=\"elementor-button-wrapper\">\n\t\t\t\t\t<a class=\"elementor-button elementor-button-link elementor-size-sm\" href=\"https:\/\/buerk1698.de\/\">\n\t\t\t\t\t\t<span class=\"elementor-button-content-wrapper\">\n\t\t\t\t\t\t\t\t\t<span class=\"elementor-button-text\">B\u00fcrk 1698 \u2013 Manufacture Horlog\u00e8re<\/span>\n\t\t\t\t\t<\/span>\n\t\t\t\t\t<\/a>\n\t\t\t\t<\/div>\n\t\t\t\t\t\t\t\t<\/div>\n\t\t\t\t<\/div>\n\t\t\t\t\t<\/div>\n\t\t<\/div>\n\t\t\t\t<div class=\"elementor-column elementor-col-50 elementor-top-column elementor-element elementor-element-a5cca9d\" data-id=\"a5cca9d\" data-element_type=\"column\">\n\t\t\t<div class=\"elementor-widget-wrap elementor-element-populated\">\n\t\t\t\t\t\t<div class=\"elementor-element elementor-element-2e9783f elementor-widget elementor-widget-image\" data-id=\"2e9783f\" data-element_type=\"widget\" data-widget_type=\"image.default\">\n\t\t\t\t<div class=\"elementor-widget-container\">\n\t\t\t\t\t\t\t\t\t\t\t\t\t\t\t<img fetchpriority=\"high\" decoding=\"async\" width=\"1024\" height=\"683\" src=\"https:\/\/richard-burk.de\/wp-content\/uploads\/2025\/02\/Buerk_Manufaktur_0708-1024x683.jpg\" class=\"attachment-large size-large wp-image-7708\" alt=\"\" srcset=\"https:\/\/richard-burk.de\/wp-content\/uploads\/2025\/02\/Buerk_Manufaktur_0708-1024x683.jpg 1024w, https:\/\/richard-burk.de\/wp-content\/uploads\/2025\/02\/Buerk_Manufaktur_0708-300x200.jpg 300w, https:\/\/richard-burk.de\/wp-content\/uploads\/2025\/02\/Buerk_Manufaktur_0708-768x512.jpg 768w, https:\/\/richard-burk.de\/wp-content\/uploads\/2025\/02\/Buerk_Manufaktur_0708-1536x1024.jpg 1536w, https:\/\/richard-burk.de\/wp-content\/uploads\/2025\/02\/Buerk_Manufaktur_0708-2048x1365.jpg 2048w\" sizes=\"(max-width: 1024px) 100vw, 1024px\" \/>\t\t\t\t\t\t\t\t\t\t\t\t\t\t\t<\/div>\n\t\t\t\t<\/div>\n\t\t\t\t\t<\/div>\n\t\t<\/div>\n\t\t\t\t\t<\/div>\n\t\t<\/section>\n\t\t\t\t<section class=\"elementor-section elementor-top-section elementor-element elementor-element-d8785fe elementor-section-content-middle elementor-section-boxed elementor-section-height-default elementor-section-height-default\" data-id=\"d8785fe\" data-element_type=\"section\">\n\t\t\t\t\t\t<div class=\"elementor-container elementor-column-gap-default\">\n\t\t\t\t\t<div class=\"elementor-column elementor-col-50 elementor-top-column elementor-element elementor-element-f2bc5e5\" data-id=\"f2bc5e5\" data-element_type=\"column\">\n\t\t\t<div class=\"elementor-widget-wrap elementor-element-populated\">\n\t\t\t\t\t\t<div class=\"elementor-element elementor-element-1640807 elementor-widget elementor-widget-image\" data-id=\"1640807\" data-element_type=\"widget\" data-widget_type=\"image.default\">\n\t\t\t\t<div class=\"elementor-widget-container\">\n\t\t\t\t\t\t\t\t\t\t\t\t\t\t\t<img decoding=\"async\" width=\"1000\" height=\"667\" src=\"https:\/\/richard-burk.de\/wp-content\/uploads\/2023\/01\/Buerk_Manufaktur_0309.jpg\" class=\"attachment-large size-large wp-image-6936\" alt=\"\" srcset=\"https:\/\/richard-burk.de\/wp-content\/uploads\/2023\/01\/Buerk_Manufaktur_0309.jpg 1000w, https:\/\/richard-burk.de\/wp-content\/uploads\/2023\/01\/Buerk_Manufaktur_0309-300x200.jpg 300w, https:\/\/richard-burk.de\/wp-content\/uploads\/2023\/01\/Buerk_Manufaktur_0309-768x512.jpg 768w\" sizes=\"(max-width: 1000px) 100vw, 1000px\" \/>\t\t\t\t\t\t\t\t\t\t\t\t\t\t\t<\/div>\n\t\t\t\t<\/div>\n\t\t\t\t\t<\/div>\n\t\t<\/div>\n\t\t\t\t<div class=\"elementor-column elementor-col-50 elementor-top-column elementor-element elementor-element-3dbe31b\" data-id=\"3dbe31b\" data-element_type=\"column\">\n\t\t\t<div class=\"elementor-widget-wrap elementor-element-populated\">\n\t\t\t\t\t\t<div class=\"elementor-element elementor-element-e4dc259 elementor-widget elementor-widget-text-editor\" data-id=\"e4dc259\" data-element_type=\"widget\" data-widget_type=\"text-editor.default\">\n\t\t\t\t<div class=\"elementor-widget-container\">\n\t\t\t\t\t\t\t\t\t<h3>Sch\u00e4r Clockhands<\/h3><p>Sch\u00e4r Clockhands est sp\u00e9cialis\u00e9 dans le d\u00e9veloppement et la fabrication d\u2019aiguilles, de cadrans et de composants horlogers de la plus grande finesse. <strong>L\u2019artisanat<\/strong> <strong>traditionnel<\/strong> s\u2019allie \u00e0 la <strong>conception<\/strong> <strong>moderne en 3D CAD<\/strong> et \u00e0 une production int\u00e9gr\u00e9e de bout en bout au sein de l\u2019entreprise. Il en r\u00e9sulte des composants pr\u00e9cis d\u2019une qualit\u00e9 exceptionnelle \u2013 r\u00e9solument <strong>Made in Germany<\/strong>.<\/p>\t\t\t\t\t\t\t\t<\/div>\n\t\t\t\t<\/div>\n\t\t\t\t<div class=\"elementor-element elementor-element-696a496 elementor-align-left elementor-widget elementor-widget-button\" data-id=\"696a496\" data-element_type=\"widget\" data-widget_type=\"button.default\">\n\t\t\t\t<div class=\"elementor-widget-container\">\n\t\t\t\t\t\t\t\t\t<div class=\"elementor-button-wrapper\">\n\t\t\t\t\t<a class=\"elementor-button elementor-button-link elementor-size-sm\" href=\"https:\/\/schaer-clockhands.com\/\">\n\t\t\t\t\t\t<span class=\"elementor-button-content-wrapper\">\n\t\t\t\t\t\t\t\t\t<span class=\"elementor-button-text\">Sch\u00e4r Clockhands \u2013 Fabrication d\u2019aiguilles<\/span>\n\t\t\t\t\t<\/span>\n\t\t\t\t\t<\/a>\n\t\t\t\t<\/div>\n\t\t\t\t\t\t\t\t<\/div>\n\t\t\t\t<\/div>\n\t\t\t\t\t<\/div>\n\t\t<\/div>\n\t\t\t\t\t<\/div>\n\t\t<\/section>\n\t\t\t\t<section class=\"elementor-section elementor-top-section elementor-element elementor-element-08ed656 elementor-section-content-middle elementor-reverse-mobile elementor-section-boxed elementor-section-height-default elementor-section-height-default\" data-id=\"08ed656\" data-element_type=\"section\">\n\t\t\t\t\t\t<div class=\"elementor-container elementor-column-gap-default\">\n\t\t\t\t\t<div class=\"elementor-column elementor-col-50 elementor-top-column elementor-element elementor-element-9c6c368\" data-id=\"9c6c368\" data-element_type=\"column\">\n\t\t\t<div class=\"elementor-widget-wrap elementor-element-populated\">\n\t\t\t\t\t\t<div class=\"elementor-element elementor-element-0015b32 elementor-widget elementor-widget-text-editor\" data-id=\"0015b32\" data-element_type=\"widget\" data-widget_type=\"text-editor.default\">\n\t\t\t\t<div class=\"elementor-widget-container\">\n\t\t\t\t\t\t\t\t\t<h3>JMIUS<\/h3><p>La marque JMIUS, fond\u00e9e en 1905, est synonyme de la fabrication d\u2019horloges <strong>traditionnelles de la For\u00eat-Noire, notamment les horloges \u00e0 cadran et \u00e0 coucou<\/strong>.<\/p><p>Le 8 septembre 2020, j\u2019ai acquis aupr\u00e8s de M. Helmar Schlenker, propri\u00e9taire de l\u2019entreprise et de la marque J. M. J\u00e4ckle, <strong>l\u2019ensemble des droits pour l\u2019usage exclusif futur<\/strong> du nom J. M. J\u00e4ckle (marque verbale et figurative). La marque JMIUS fait partie de cette acquisition et est depuis poursuivie par la Richard B\u00fcrk GmbH.<\/p><p>Par cette reprise, je m\u2019engage \u00e0 pr\u00e9server la tradition horlog\u00e8re \u00e9tablie de la <strong>For\u00eat-Noire et \u00e0 la faire \u00e9voluer avec ma propre signature<\/strong> et une qualit\u00e9 contemporaine.<\/p>\t\t\t\t\t\t\t\t<\/div>\n\t\t\t\t<\/div>\n\t\t\t\t\t<\/div>\n\t\t<\/div>\n\t\t\t\t<div class=\"elementor-column elementor-col-50 elementor-top-column elementor-element elementor-element-3949d34\" data-id=\"3949d34\" data-element_type=\"column\">\n\t\t\t<div class=\"elementor-widget-wrap elementor-element-populated\">\n\t\t\t\t\t\t<div class=\"elementor-element elementor-element-363a041 elementor-widget elementor-widget-image\" data-id=\"363a041\" data-element_type=\"widget\" data-widget_type=\"image.default\">\n\t\t\t\t<div class=\"elementor-widget-container\">\n\t\t\t\t\t\t\t\t\t\t\t\t\t\t\t<img decoding=\"async\" width=\"1024\" height=\"682\" src=\"https:\/\/richard-burk.de\/wp-content\/uploads\/2023\/01\/kontakt-1024x682.jpg\" class=\"attachment-large size-large wp-image-6914\" alt=\"\" srcset=\"https:\/\/richard-burk.de\/wp-content\/uploads\/2023\/01\/kontakt-1024x682.jpg 1024w, https:\/\/richard-burk.de\/wp-content\/uploads\/2023\/01\/kontakt-300x200.jpg 300w, https:\/\/richard-burk.de\/wp-content\/uploads\/2023\/01\/kontakt-768x512.jpg 768w, https:\/\/richard-burk.de\/wp-content\/uploads\/2023\/01\/kontakt-1536x1024.jpg 1536w, https:\/\/richard-burk.de\/wp-content\/uploads\/2023\/01\/kontakt.jpg 1640w\" sizes=\"(max-width: 1024px) 100vw, 1024px\" \/>\t\t\t\t\t\t\t\t\t\t\t\t\t\t\t<\/div>\n\t\t\t\t<\/div>\n\t\t\t\t\t<\/div>\n\t\t<\/div>\n\t\t\t\t\t<\/div>\n\t\t<\/section>\n\t\t\t\t<\/div>\n\t\t","protected":false},"excerpt":{"rendered":"<p>Richard B\u00fcrk Pr\u00e9cision et tradition depuis 1491 B\u00fcrk 1698 B\u00fcrk d\u00e9veloppe et fabrique des montres m\u00e9caniques, des mouvements ainsi que les plus fines pi\u00e8ces horlog\u00e8res selon un savoir-faire artisanal traditionnel. Ce travail manuel est compl\u00e9t\u00e9 par des machines sp\u00e9cialis\u00e9es, dont certaines ont \u00e9t\u00e9 sp\u00e9cialement con\u00e7ues et adapt\u00e9es en interne. De la conception \u00e0 la fabrication&hellip;<\/p>\n","protected":false},"author":2,"featured_media":0,"parent":0,"menu_order":0,"comment_status":"closed","ping_status":"closed","template":"","meta":{"footnotes":""},"class_list":["post-8283","page","type-page","status-publish","hentry"],"yoast_head":"<!-- This site is optimized with the Yoast SEO plugin v26.6 - https:\/\/yoast.com\/wordpress\/plugins\/seo\/ -->\n<title>\u00c0 propos de nous - Richard B\u00fcrk GmbH<\/title>\n<meta name=\"description\" content=\"Histoire de Richard B\u00fcrk GmbH : tradition horlog\u00e8re depuis 1698. Pr\u00e9cision et innovation de la For\u00eat-Noire \u2013 hier comme aujourd&#039;hui.\" \/>\n<meta name=\"robots\" content=\"index, follow, max-snippet:-1, max-image-preview:large, max-video-preview:-1\" \/>\n<link rel=\"canonical\" href=\"https:\/\/richard-burk.de\/fr\/a-propos-de-nous\/\" \/>\n<meta property=\"og:locale\" content=\"fr_FR\" \/>\n<meta property=\"og:type\" content=\"article\" \/>\n<meta property=\"og:title\" content=\"\u00c0 propos de nous - Richard B\u00fcrk GmbH\" \/>\n<meta property=\"og:description\" content=\"Histoire de Richard B\u00fcrk GmbH : tradition horlog\u00e8re depuis 1698. Pr\u00e9cision et innovation de la For\u00eat-Noire \u2013 hier comme aujourd&#039;hui.\" \/>\n<meta property=\"og:url\" content=\"https:\/\/richard-burk.de\/fr\/a-propos-de-nous\/\" \/>\n<meta property=\"og:site_name\" content=\"Richard B\u00fcrk GmbH\" \/>\n<meta property=\"article:modified_time\" content=\"2025-12-17T11:41:37+00:00\" \/>\n<meta property=\"og:image\" content=\"https:\/\/richard-burk.de\/wp-content\/uploads\/2025\/02\/Buerk_Manufaktur_0708-1024x683.jpg\" \/>\n<meta name=\"twitter:card\" content=\"summary_large_image\" \/>\n<meta name=\"twitter:label1\" content=\"Dur\u00e9e de lecture estim\u00e9e\" \/>\n\t<meta name=\"twitter:data1\" content=\"2 minutes\" \/>\n<script type=\"application\/ld+json\" class=\"yoast-schema-graph\">{\"@context\":\"https:\/\/schema.org\",\"@graph\":[{\"@type\":\"WebPage\",\"@id\":\"https:\/\/richard-burk.de\/fr\/a-propos-de-nous\/\",\"url\":\"https:\/\/richard-burk.de\/fr\/a-propos-de-nous\/\",\"name\":\"\u00c0 propos de nous - Richard B\u00fcrk GmbH\",\"isPartOf\":{\"@id\":\"https:\/\/richard-burk.de\/fr\/#website\"},\"primaryImageOfPage\":{\"@id\":\"https:\/\/richard-burk.de\/fr\/a-propos-de-nous\/#primaryimage\"},\"image\":{\"@id\":\"https:\/\/richard-burk.de\/fr\/a-propos-de-nous\/#primaryimage\"},\"thumbnailUrl\":\"https:\/\/richard-burk.de\/wp-content\/uploads\/2025\/02\/Buerk_Manufaktur_0708-1024x683.jpg\",\"datePublished\":\"2025-01-25T09:29:48+00:00\",\"dateModified\":\"2025-12-17T11:41:37+00:00\",\"description\":\"Histoire de Richard B\u00fcrk GmbH : tradition horlog\u00e8re depuis 1698. Pr\u00e9cision et innovation de la For\u00eat-Noire \u2013 hier comme aujourd'hui.\",\"breadcrumb\":{\"@id\":\"https:\/\/richard-burk.de\/fr\/a-propos-de-nous\/#breadcrumb\"},\"inLanguage\":\"fr-FR\",\"potentialAction\":[{\"@type\":\"ReadAction\",\"target\":[\"https:\/\/richard-burk.de\/fr\/a-propos-de-nous\/\"]}]},{\"@type\":\"ImageObject\",\"inLanguage\":\"fr-FR\",\"@id\":\"https:\/\/richard-burk.de\/fr\/a-propos-de-nous\/#primaryimage\",\"url\":\"https:\/\/richard-burk.de\/wp-content\/uploads\/2025\/02\/Buerk_Manufaktur_0708-1024x683.jpg\",\"contentUrl\":\"https:\/\/richard-burk.de\/wp-content\/uploads\/2025\/02\/Buerk_Manufaktur_0708-1024x683.jpg\"},{\"@type\":\"BreadcrumbList\",\"@id\":\"https:\/\/richard-burk.de\/fr\/a-propos-de-nous\/#breadcrumb\",\"itemListElement\":[{\"@type\":\"ListItem\",\"position\":1,\"name\":\"Startseite\",\"item\":\"https:\/\/richard-burk.de\/fr\/\"},{\"@type\":\"ListItem\",\"position\":2,\"name\":\"\u00c0 propos de nous\"}]},{\"@type\":\"WebSite\",\"@id\":\"https:\/\/richard-burk.de\/fr\/#website\",\"url\":\"https:\/\/richard-burk.de\/fr\/\",\"name\":\"Richard B\u00fcrk GmbH \u2013 Ma\u00dfgeschneiderte Uhren & Pr\u00e4zisionsteile aus eigener Produktion\",\"description\":\"Mechanische Pr\u00e4zisionsteile f\u00fcr Feinmechanik und Uhren\",\"publisher\":{\"@id\":\"https:\/\/richard-burk.de\/fr\/#organization\"},\"potentialAction\":[{\"@type\":\"SearchAction\",\"target\":{\"@type\":\"EntryPoint\",\"urlTemplate\":\"https:\/\/richard-burk.de\/fr\/?s={search_term_string}\"},\"query-input\":{\"@type\":\"PropertyValueSpecification\",\"valueRequired\":true,\"valueName\":\"search_term_string\"}}],\"inLanguage\":\"fr-FR\"},{\"@type\":\"Organization\",\"@id\":\"https:\/\/richard-burk.de\/fr\/#organization\",\"name\":\"Richard B\u00fcrk GmbH\",\"url\":\"https:\/\/richard-burk.de\/fr\/\",\"logo\":{\"@type\":\"ImageObject\",\"inLanguage\":\"fr-FR\",\"@id\":\"https:\/\/richard-burk.de\/fr\/#\/schema\/logo\/image\/\",\"url\":\"https:\/\/richard-burk.de\/wp-content\/uploads\/2023\/01\/buer_1698_logo_500.png\",\"contentUrl\":\"https:\/\/richard-burk.de\/wp-content\/uploads\/2023\/01\/buer_1698_logo_500.png\",\"width\":500,\"height\":488,\"caption\":\"Richard B\u00fcrk GmbH\"},\"image\":{\"@id\":\"https:\/\/richard-burk.de\/fr\/#\/schema\/logo\/image\/\"},\"sameAs\":[\"https:\/\/www.instagram.com\/richard_buerk_gmbh\/\"]}]}<\/script>\n<!-- \/ Yoast SEO plugin. -->","yoast_head_json":{"title":"\u00c0 propos de nous - Richard B\u00fcrk GmbH","description":"Histoire de Richard B\u00fcrk GmbH : tradition horlog\u00e8re depuis 1698. Pr\u00e9cision et innovation de la For\u00eat-Noire \u2013 hier comme aujourd'hui.","robots":{"index":"index","follow":"follow","max-snippet":"max-snippet:-1","max-image-preview":"max-image-preview:large","max-video-preview":"max-video-preview:-1"},"canonical":"https:\/\/richard-burk.de\/fr\/a-propos-de-nous\/","og_locale":"fr_FR","og_type":"article","og_title":"\u00c0 propos de nous - Richard B\u00fcrk GmbH","og_description":"Histoire de Richard B\u00fcrk GmbH : tradition horlog\u00e8re depuis 1698. Pr\u00e9cision et innovation de la For\u00eat-Noire \u2013 hier comme aujourd'hui.","og_url":"https:\/\/richard-burk.de\/fr\/a-propos-de-nous\/","og_site_name":"Richard B\u00fcrk GmbH","article_modified_time":"2025-12-17T11:41:37+00:00","og_image":[{"url":"https:\/\/richard-burk.de\/wp-content\/uploads\/2025\/02\/Buerk_Manufaktur_0708-1024x683.jpg","type":"","width":"","height":""}],"twitter_card":"summary_large_image","twitter_misc":{"Dur\u00e9e de lecture estim\u00e9e":"2 minutes"},"schema":{"@context":"https:\/\/schema.org","@graph":[{"@type":"WebPage","@id":"https:\/\/richard-burk.de\/fr\/a-propos-de-nous\/","url":"https:\/\/richard-burk.de\/fr\/a-propos-de-nous\/","name":"\u00c0 propos de nous - Richard B\u00fcrk GmbH","isPartOf":{"@id":"https:\/\/richard-burk.de\/fr\/#website"},"primaryImageOfPage":{"@id":"https:\/\/richard-burk.de\/fr\/a-propos-de-nous\/#primaryimage"},"image":{"@id":"https:\/\/richard-burk.de\/fr\/a-propos-de-nous\/#primaryimage"},"thumbnailUrl":"https:\/\/richard-burk.de\/wp-content\/uploads\/2025\/02\/Buerk_Manufaktur_0708-1024x683.jpg","datePublished":"2025-01-25T09:29:48+00:00","dateModified":"2025-12-17T11:41:37+00:00","description":"Histoire de Richard B\u00fcrk GmbH : tradition horlog\u00e8re depuis 1698. Pr\u00e9cision et innovation de la For\u00eat-Noire \u2013 hier comme aujourd'hui.","breadcrumb":{"@id":"https:\/\/richard-burk.de\/fr\/a-propos-de-nous\/#breadcrumb"},"inLanguage":"fr-FR","potentialAction":[{"@type":"ReadAction","target":["https:\/\/richard-burk.de\/fr\/a-propos-de-nous\/"]}]},{"@type":"ImageObject","inLanguage":"fr-FR","@id":"https:\/\/richard-burk.de\/fr\/a-propos-de-nous\/#primaryimage","url":"https:\/\/richard-burk.de\/wp-content\/uploads\/2025\/02\/Buerk_Manufaktur_0708-1024x683.jpg","contentUrl":"https:\/\/richard-burk.de\/wp-content\/uploads\/2025\/02\/Buerk_Manufaktur_0708-1024x683.jpg"},{"@type":"BreadcrumbList","@id":"https:\/\/richard-burk.de\/fr\/a-propos-de-nous\/#breadcrumb","itemListElement":[{"@type":"ListItem","position":1,"name":"Startseite","item":"https:\/\/richard-burk.de\/fr\/"},{"@type":"ListItem","position":2,"name":"\u00c0 propos de nous"}]},{"@type":"WebSite","@id":"https:\/\/richard-burk.de\/fr\/#website","url":"https:\/\/richard-burk.de\/fr\/","name":"Richard B\u00fcrk GmbH \u2013 Ma\u00dfgeschneiderte Uhren & Pr\u00e4zisionsteile aus eigener Produktion","description":"Mechanische Pr\u00e4zisionsteile f\u00fcr Feinmechanik und Uhren","publisher":{"@id":"https:\/\/richard-burk.de\/fr\/#organization"},"potentialAction":[{"@type":"SearchAction","target":{"@type":"EntryPoint","urlTemplate":"https:\/\/richard-burk.de\/fr\/?s={search_term_string}"},"query-input":{"@type":"PropertyValueSpecification","valueRequired":true,"valueName":"search_term_string"}}],"inLanguage":"fr-FR"},{"@type":"Organization","@id":"https:\/\/richard-burk.de\/fr\/#organization","name":"Richard B\u00fcrk GmbH","url":"https:\/\/richard-burk.de\/fr\/","logo":{"@type":"ImageObject","inLanguage":"fr-FR","@id":"https:\/\/richard-burk.de\/fr\/#\/schema\/logo\/image\/","url":"https:\/\/richard-burk.de\/wp-content\/uploads\/2023\/01\/buer_1698_logo_500.png","contentUrl":"https:\/\/richard-burk.de\/wp-content\/uploads\/2023\/01\/buer_1698_logo_500.png","width":500,"height":488,"caption":"Richard B\u00fcrk GmbH"},"image":{"@id":"https:\/\/richard-burk.de\/fr\/#\/schema\/logo\/image\/"},"sameAs":["https:\/\/www.instagram.com\/richard_buerk_gmbh\/"]}]}},"_links":{"self":[{"href":"https:\/\/richard-burk.de\/fr\/wp-json\/wp\/v2\/pages\/8283","targetHints":{"allow":["GET"]}}],"collection":[{"href":"https:\/\/richard-burk.de\/fr\/wp-json\/wp\/v2\/pages"}],"about":[{"href":"https:\/\/richard-burk.de\/fr\/wp-json\/wp\/v2\/types\/page"}],"author":[{"embeddable":true,"href":"https:\/\/richard-burk.de\/fr\/wp-json\/wp\/v2\/users\/2"}],"replies":[{"embeddable":true,"href":"https:\/\/richard-burk.de\/fr\/wp-json\/wp\/v2\/comments?post=8283"}],"version-history":[{"count":14,"href":"https:\/\/richard-burk.de\/fr\/wp-json\/wp\/v2\/pages\/8283\/revisions"}],"predecessor-version":[{"id":8978,"href":"https:\/\/richard-burk.de\/fr\/wp-json\/wp\/v2\/pages\/8283\/revisions\/8978"}],"wp:attachment":[{"href":"https:\/\/richard-burk.de\/fr\/wp-json\/wp\/v2\/media?parent=8283"}],"curies":[{"name":"wp","href":"https:\/\/api.w.org\/{rel}","templated":true}]}}